{"id":3521,"date":"2025-07-20T17:47:55","date_gmt":"2025-07-20T17:47:55","guid":{"rendered":"https:\/\/dev.brok-air.com\/careers\/moc-engineer\/"},"modified":"2025-08-05T15:39:02","modified_gmt":"2025-08-05T15:39:02","slug":"moc-engineer","status":"publish","type":"page","link":"https:\/\/brok-air.com\/en\/careers\/moc-engineer\/","title":{"rendered":"MOC Engineer"},"content":{"rendered":"\t\t<div data-elementor-type=\"wp-page\" data-elementor-id=\"3521\" class=\"elementor elementor-3521 elementor-1360\" data-elementor-post-type=\"page\">\n\t\t\t\t<div data-particle_enable=\"false\" data-particle-mobile-disabled=\"false\" class=\"elementor-element elementor-element-ad45d68 e-con-full e-flex e-con e-parent\" data-id=\"ad45d68\" data-element_type=\"container\" data-e-type=\"container\" data-settings=\"{&quot;background_background&quot;:&quot;classic&quot;}\">\n\t\t<div data-particle_enable=\"false\" data-particle-mobile-disabled=\"false\" class=\"elementor-element elementor-element-cf98974 e-con-full e-transform e-flex e-con e-child\" data-id=\"cf98974\" data-element_type=\"container\" data-e-type=\"container\" data-settings=\"{&quot;_transform_translateX_effect&quot;:{&quot;unit&quot;:&quot;vw&quot;,&quot;size&quot;:&quot;&quot;,&quot;sizes&quot;:[]},&quot;_transform_translateX_effect_laptop&quot;:{&quot;unit&quot;:&quot;vw&quot;,&quot;size&quot;:&quot;&quot;,&quot;sizes&quot;:[]},&quot;_transform_translateX_effect_tablet&quot;:{&quot;unit&quot;:&quot;vw&quot;,&quot;size&quot;:&quot;&quot;,&quot;sizes&quot;:[]},&quot;_transform_translateX_effect_mobile&quot;:{&quot;unit&quot;:&quot;vw&quot;,&quot;size&quot;:&quot;&quot;,&quot;sizes&quot;:[]},&quot;_transform_translateY_effect&quot;:{&quot;unit&quot;:&quot;vh&quot;,&quot;size&quot;:5,&quot;sizes&quot;:[]},&quot;_transform_translateY_effect_laptop&quot;:{&quot;unit&quot;:&quot;vh&quot;,&quot;size&quot;:&quot;&quot;,&quot;sizes&quot;:[]},&quot;_transform_translateY_effect_tablet&quot;:{&quot;unit&quot;:&quot;vh&quot;,&quot;size&quot;:&quot;&quot;,&quot;sizes&quot;:[]},&quot;_transform_translateY_effect_mobile&quot;:{&quot;unit&quot;:&quot;vh&quot;,&quot;size&quot;:&quot;&quot;,&quot;sizes&quot;:[]}}\">\n\t\t<div data-particle_enable=\"false\" data-particle-mobile-disabled=\"false\" class=\"elementor-element elementor-element-8c4d7bd e-con-full e-flex e-con e-child\" data-id=\"8c4d7bd\" data-element_type=\"container\" data-e-type=\"container\">\n\t\t\t\t<div class=\"elementor-element elementor-element-9adc8db elementor-widget elementor-widget-heading\" data-id=\"9adc8db\" data-element_type=\"widget\" data-e-type=\"widget\" data-widget_type=\"heading.default\">\n\t\t\t\t<div class=\"elementor-widget-container\">\n\t\t\t\t\t<h1 class=\"elementor-heading-title elementor-size-default\">MOC ENGINEER<\/h1>\t\t\t\t<\/div>\n\t\t\t\t<\/div>\n\t\t\t\t<div class=\"elementor-element elementor-element-b13e274 elementor-position-inline-start elementor-mobile-position-inline-start elementor-view-default elementor-widget elementor-widget-icon-box\" data-id=\"b13e274\" data-element_type=\"widget\" data-e-type=\"widget\" data-widget_type=\"icon-box.default\">\n\t\t\t\t<div class=\"elementor-widget-container\">\n\t\t\t\t\t\t\t<div class=\"elementor-icon-box-wrapper\">\n\n\t\t\t\t\t\t<div class=\"elementor-icon-box-icon\">\n\t\t\t\t<span  class=\"elementor-icon\">\n\t\t\t\t<svg xmlns=\"http:\/\/www.w3.org\/2000\/svg\" xmlns:xlink=\"http:\/\/www.w3.org\/1999\/xlink\" id=\"Capa_1\" x=\"0px\" y=\"0px\" viewBox=\"0 0 39.5 50\" style=\"enable-background:new 0 0 39.5 50;\" xml:space=\"preserve\"><style type=\"text\/css\">\t.st0{fill:#323E48;}<\/style><g id=\"_x31_0\" transform=\"translate(-3.525 -1)\">\t<path id=\"Trazado_2831\" class=\"st0\" d=\"M23.3,1C12.4,1,3.5,9.9,3.5,20.7c0,10.3,16.4,27.7,18.2,29.6c0.8,0.8,2.1,0.9,2.9,0.1  c0,0,0.1,0,0.1-0.1C26.6,48.4,43,31,43,20.7C43,9.8,34.2,1,23.3,1z M23.3,33.1c-6.7,0-12.1-5.4-12.1-12.1C11.2,14.4,16.6,9,23.3,9  S35.3,14.4,35.3,21C35.3,27.7,29.9,33.1,23.3,33.1z\"><\/path>\t<path id=\"Trazado_2832\" class=\"st0\" d=\"M27.6,19h-8.7c-1.2,0-2.1,0.9-2.1,2.1s0.9,2.1,2.1,2.1h8.7c1.2,0,2.1-0.9,2.1-2.1  S28.8,19,27.6,19z\"><\/path><\/g><\/svg>\t\t\t\t<\/span>\n\t\t\t<\/div>\n\t\t\t\n\t\t\t\t\t\t<div class=\"elementor-icon-box-content\">\n\n\t\t\t\t\t\t\t\t\t<h3 class=\"elementor-icon-box-title\">\n\t\t\t\t\t\t<span  >\n\t\t\t\t\t\t\tTENERIFE\t\t\t\t\t\t<\/span>\n\t\t\t\t\t<\/h3>\n\t\t\t\t\n\t\t\t\t\n\t\t\t<\/div>\n\t\t\t\n\t\t<\/div>\n\t\t\t\t\t\t<\/div>\n\t\t\t\t<\/div>\n\t\t\t\t<div class=\"elementor-element elementor-element-924e697 elementor-widget elementor-widget-text-editor\" data-id=\"924e697\" data-element_type=\"widget\" data-e-type=\"widget\" data-widget_type=\"text-editor.default\">\n\t\t\t\t<div class=\"elementor-widget-container\">\n\t\t\t\t\t\t\t\t\t<p>At Brok-air Aviation Group, we are looking for a MOC engineer to join our team in Tenerife South (TFS).<\/p>\t\t\t\t\t\t\t\t<\/div>\n\t\t\t\t<\/div>\n\t\t\t\t<\/div>\n\t\t<div data-particle_enable=\"false\" data-particle-mobile-disabled=\"false\" class=\"elementor-element elementor-element-7dc2b6b e-con-full elementor-hidden-tablet elementor-hidden-mobile e-flex e-con e-child\" data-id=\"7dc2b6b\" data-element_type=\"container\" data-e-type=\"container\" data-settings=\"{&quot;background_background&quot;:&quot;classic&quot;}\">\n\t\t\t\t<div class=\"elementor-element elementor-element-cba0044 elementor-widget elementor-widget-image\" data-id=\"cba0044\" data-element_type=\"widget\" data-e-type=\"widget\" data-settings=\"{&quot;motion_fx_motion_fx_scrolling&quot;:&quot;yes&quot;,&quot;motion_fx_rotateZ_effect&quot;:&quot;yes&quot;,&quot;motion_fx_rotateZ_speed&quot;:{&quot;unit&quot;:&quot;px&quot;,&quot;size&quot;:8,&quot;sizes&quot;:[]},&quot;motion_fx_rotateZ_affectedRange&quot;:{&quot;unit&quot;:&quot;%&quot;,&quot;size&quot;:&quot;&quot;,&quot;sizes&quot;:{&quot;start&quot;:0,&quot;end&quot;:100}},&quot;motion_fx_devices&quot;:[&quot;desktop&quot;,&quot;laptop&quot;,&quot;tablet&quot;,&quot;mobile&quot;]}\" data-widget_type=\"image.default\">\n\t\t\t\t<div class=\"elementor-widget-container\">\n\t\t\t\t\t\t\t\t\t\t\t\t\t\t\t<img fetchpriority=\"high\" decoding=\"async\" width=\"432\" height=\"432\" src=\"https:\/\/brok-air.com\/wp-content\/uploads\/2025\/07\/elemento-grafico-66-brok-air-aviation-group.svg\" class=\"attachment-full size-full wp-image-2894\" alt=\"\" \/>\t\t\t\t\t\t\t\t\t\t\t\t\t\t\t<\/div>\n\t\t\t\t<\/div>\n\t\t\t\t<\/div>\n\t\t<div data-particle_enable=\"false\" data-particle-mobile-disabled=\"false\" class=\"elementor-element elementor-element-7cf6519 e-con-full e-flex e-con e-child\" data-id=\"7cf6519\" data-element_type=\"container\" data-e-type=\"container\">\n\t\t\t\t<div class=\"elementor-element elementor-element-ad948a3 elementor-widget elementor-widget-image\" data-id=\"ad948a3\" data-element_type=\"widget\" data-e-type=\"widget\" data-widget_type=\"image.default\">\n\t\t\t\t<div class=\"elementor-widget-container\">\n\t\t\t\t\t\t\t\t\t\t\t\t\t\t\t<img decoding=\"async\" width=\"334\" height=\"115\" src=\"https:\/\/brok-air.com\/wp-content\/uploads\/2025\/07\/logotipo-brok-air-aviation-group-gris.svg\" class=\"attachment-full size-full wp-image-2772\" alt=\"\" \/>\t\t\t\t\t\t\t\t\t\t\t\t\t\t\t<\/div>\n\t\t\t\t<\/div>\n\t\t\t\t<\/div>\n\t\t\t\t<\/div>\n\t\t\t\t<\/div>\n\t\t<div data-particle_enable=\"false\" data-particle-mobile-disabled=\"false\" class=\"elementor-element elementor-element-895f2bb e-con-full e-flex e-con e-parent\" data-id=\"895f2bb\" data-element_type=\"container\" data-e-type=\"container\" data-settings=\"{&quot;background_background&quot;:&quot;classic&quot;}\">\n\t\t<div data-particle_enable=\"false\" data-particle-mobile-disabled=\"false\" class=\"elementor-element elementor-element-21505cd e-con-full e-flex e-con e-child\" data-id=\"21505cd\" data-element_type=\"container\" data-e-type=\"container\" data-settings=\"{&quot;background_background&quot;:&quot;classic&quot;}\">\n\t\t\t\t<div class=\"elementor-element elementor-element-e250dcb elementor-widget elementor-widget-image\" data-id=\"e250dcb\" data-element_type=\"widget\" data-e-type=\"widget\" data-widget_type=\"image.default\">\n\t\t\t\t<div class=\"elementor-widget-container\">\n\t\t\t\t\t\t\t\t\t\t\t\t\t\t\t<img decoding=\"async\" width=\"1280\" height=\"960\" src=\"https:\/\/brok-air.com\/wp-content\/uploads\/2025\/07\/empleo-administrativo-ingeneria-1-brok-air-aviation-group.jpg\" class=\"attachment-full size-full wp-image-2981\" alt=\"\" srcset=\"https:\/\/brok-air.com\/wp-content\/uploads\/2025\/07\/empleo-administrativo-ingeneria-1-brok-air-aviation-group.jpg 1280w, https:\/\/brok-air.com\/wp-content\/uploads\/2025\/07\/empleo-administrativo-ingeneria-1-brok-air-aviation-group-300x225.jpg 300w, https:\/\/brok-air.com\/wp-content\/uploads\/2025\/07\/empleo-administrativo-ingeneria-1-brok-air-aviation-group-1024x768.jpg 1024w, https:\/\/brok-air.com\/wp-content\/uploads\/2025\/07\/empleo-administrativo-ingeneria-1-brok-air-aviation-group-768x576.jpg 768w\" sizes=\"(max-width: 1280px) 100vw, 1280px\" \/>\t\t\t\t\t\t\t\t\t\t\t\t\t\t\t<\/div>\n\t\t\t\t<\/div>\n\t\t\t\t<div class=\"elementor-element elementor-element-bc3766b elementor-widget elementor-widget-image\" data-id=\"bc3766b\" data-element_type=\"widget\" data-e-type=\"widget\" data-widget_type=\"image.default\">\n\t\t\t\t<div class=\"elementor-widget-container\">\n\t\t\t\t\t\t\t\t\t\t\t\t\t\t\t<img loading=\"lazy\" decoding=\"async\" width=\"1280\" height=\"960\" src=\"https:\/\/brok-air.com\/wp-content\/uploads\/2025\/07\/empleo-administrativo-ingeneria-2-brok-air-aviation-group.jpg\" class=\"attachment-full size-full wp-image-2982\" alt=\"\" srcset=\"https:\/\/brok-air.com\/wp-content\/uploads\/2025\/07\/empleo-administrativo-ingeneria-2-brok-air-aviation-group.jpg 1280w, https:\/\/brok-air.com\/wp-content\/uploads\/2025\/07\/empleo-administrativo-ingeneria-2-brok-air-aviation-group-300x225.jpg 300w, https:\/\/brok-air.com\/wp-content\/uploads\/2025\/07\/empleo-administrativo-ingeneria-2-brok-air-aviation-group-1024x768.jpg 1024w, https:\/\/brok-air.com\/wp-content\/uploads\/2025\/07\/empleo-administrativo-ingeneria-2-brok-air-aviation-group-768x576.jpg 768w\" sizes=\"(max-width: 1280px) 100vw, 1280px\" \/>\t\t\t\t\t\t\t\t\t\t\t\t\t\t\t<\/div>\n\t\t\t\t<\/div>\n\t\t\t\t<div class=\"elementor-element elementor-element-e65fe1e elementor-widget elementor-widget-image\" data-id=\"e65fe1e\" data-element_type=\"widget\" data-e-type=\"widget\" data-widget_type=\"image.default\">\n\t\t\t\t<div class=\"elementor-widget-container\">\n\t\t\t\t\t\t\t\t\t\t\t\t\t\t\t<img loading=\"lazy\" decoding=\"async\" width=\"1280\" height=\"960\" src=\"https:\/\/brok-air.com\/wp-content\/uploads\/2025\/07\/empleo-administrativo-ingeneria-3-brok-air-aviation-group.jpg\" class=\"attachment-full size-full wp-image-2983\" alt=\"\" srcset=\"https:\/\/brok-air.com\/wp-content\/uploads\/2025\/07\/empleo-administrativo-ingeneria-3-brok-air-aviation-group.jpg 1280w, https:\/\/brok-air.com\/wp-content\/uploads\/2025\/07\/empleo-administrativo-ingeneria-3-brok-air-aviation-group-300x225.jpg 300w, https:\/\/brok-air.com\/wp-content\/uploads\/2025\/07\/empleo-administrativo-ingeneria-3-brok-air-aviation-group-1024x768.jpg 1024w, https:\/\/brok-air.com\/wp-content\/uploads\/2025\/07\/empleo-administrativo-ingeneria-3-brok-air-aviation-group-768x576.jpg 768w\" sizes=\"(max-width: 1280px) 100vw, 1280px\" \/>\t\t\t\t\t\t\t\t\t\t\t\t\t\t\t<\/div>\n\t\t\t\t<\/div>\n\t\t\t\t<\/div>\n\t\t<div data-particle_enable=\"false\" data-particle-mobile-disabled=\"false\" class=\"elementor-element elementor-element-e7c135b e-con-full e-flex e-con e-child\" data-id=\"e7c135b\" data-element_type=\"container\" data-e-type=\"container\">\n\t\t<div data-particle_enable=\"false\" data-particle-mobile-disabled=\"false\" class=\"elementor-element elementor-element-8514bff e-con-full e-flex e-con e-child\" data-id=\"8514bff\" data-element_type=\"container\" data-e-type=\"container\">\n\t\t\t\t<div class=\"elementor-element elementor-element-d09237e elementor-widget elementor-widget-text-editor\" data-id=\"d09237e\" data-element_type=\"widget\" data-e-type=\"widget\" data-widget_type=\"text-editor.default\">\n\t\t\t\t<div class=\"elementor-widget-container\">\n\t\t\t\t\t\t\t\t\t<p>Type of position: Permanent<br>Location: Tenerife South (TFS)<\/p>\t\t\t\t\t\t\t\t<\/div>\n\t\t\t\t<\/div>\n\t\t\t\t<div class=\"elementor-element elementor-element-1a8b376 e-transform elementor-widget elementor-widget-image\" data-id=\"1a8b376\" data-element_type=\"widget\" data-e-type=\"widget\" data-settings=\"{&quot;_transform_flipX_effect&quot;:&quot;transform&quot;}\" data-widget_type=\"image.default\">\n\t\t\t\t<div class=\"elementor-widget-container\">\n\t\t\t\t\t\t\t\t\t\t\t\t\t\t\t<img loading=\"lazy\" decoding=\"async\" width=\"317\" height=\"154\" src=\"https:\/\/brok-air.com\/wp-content\/uploads\/2025\/07\/elemento-grafico-48-brok-air-aviation-group.svg\" class=\"attachment-full size-full wp-image-2866\" alt=\"\" \/>\t\t\t\t\t\t\t\t\t\t\t\t\t\t\t<\/div>\n\t\t\t\t<\/div>\n\t\t\t\t<\/div>\n\t\t\t\t<div class=\"elementor-element elementor-element-c31d969 elementor-widget elementor-widget-text-editor\" data-id=\"c31d969\" data-element_type=\"widget\" data-e-type=\"widget\" data-widget_type=\"text-editor.default\">\n\t\t\t\t<div class=\"elementor-widget-container\">\n\t\t\t\t\t\t\t\t\t<p>Main functions<\/p>\t\t\t\t\t\t\t\t<\/div>\n\t\t\t\t<\/div>\n\t\t\t\t<div class=\"elementor-element elementor-element-e33d639 elementor-widget elementor-widget-text-editor\" data-id=\"e33d639\" data-element_type=\"widget\" data-e-type=\"widget\" data-widget_type=\"text-editor.default\">\n\t\t\t\t<div class=\"elementor-widget-container\">\n\t\t\t\t\t\t\t\t\t<p>Planning and management of scheduled\/unscheduled maintenance.<br>Support for more than 20 stations around the world.<br>Technical guidance for aeronautical maintenance technicians.<br>Ongoing support and coordination with major airlines.<br>Evaluation and study of aeronautical manuals.<br>Coordination of work with the various Station Managers.<\/p>\t\t\t\t\t\t\t\t<\/div>\n\t\t\t\t<\/div>\n\t\t\t\t<div class=\"elementor-element elementor-element-59a0bbc elementor-widget elementor-widget-text-editor\" data-id=\"59a0bbc\" data-element_type=\"widget\" data-e-type=\"widget\" data-widget_type=\"text-editor.default\">\n\t\t\t\t<div class=\"elementor-widget-container\">\n\t\t\t\t\t\t\t\t\t<p>Requirements<\/p>\t\t\t\t\t\t\t\t<\/div>\n\t\t\t\t<\/div>\n\t\t\t\t<div class=\"elementor-element elementor-element-9208ba3 elementor-widget elementor-widget-text-editor\" data-id=\"9208ba3\" data-element_type=\"widget\" data-e-type=\"widget\" data-widget_type=\"text-editor.default\">\n\t\t\t\t<div class=\"elementor-widget-container\">\n\t\t\t\t\t\t\t\t\t<p>Graduado en Ingenier\u00eda.<br>Ingl\u00e9s: Nivel avanzado (C1) o equivalente<br>Persona aut\u00f3noma y autosuficiente para desarrollar las tareas requeridas con capacidad para determinar la priorizaci\u00f3n de \u00e9stas.<br>Capacidad de trabajo en equipo.<br>Flexibilidad horaria (horario de trabajo por turnos)<br>Licencia de conducir y medio de transporte.<br>Se tendr\u00e1n en cuenta perfiles de ingenier\u00eda o con experiencia previa en aviaci\u00f3n, aunque no es requisito imprescindible.<\/p>\n<p><strong>Important: <\/strong>Work permit required in Spain for non-EU nationals.<\/p>\t\t\t\t\t\t\t\t<\/div>\n\t\t\t\t<\/div>\n\t\t\t\t<div class=\"elementor-element elementor-element-ffecbaf elementor-align-justify elementor-widget__width-inherit elementor-widget elementor-widget-button\" data-id=\"ffecbaf\" data-element_type=\"widget\" data-e-type=\"widget\" data-widget_type=\"button.default\">\n\t\t\t\t<div class=\"elementor-widget-container\">\n\t\t\t\t\t\t\t\t\t<div class=\"elementor-button-wrapper\">\n\t\t\t\t\t<a class=\"elementor-button elementor-button-link elementor-size-sm\" href=\"https:\/\/forms.zohopublic.eu\/sabcrm00\/form\/WEAREHIRINGINGENIEROMOC\/formperma\/38D7a-PJ_POj4Uop78YIAH76oOD2KffPcfroC6UCNgI\" target=\"_blank\" rel=\"noopener\">\n\t\t\t\t\t\t<span class=\"elementor-button-content-wrapper\">\n\t\t\t\t\t\t\t\t\t<span class=\"elementor-button-text\">APPLY NOW<\/span>\n\t\t\t\t\t<\/span>\n\t\t\t\t\t<\/a>\n\t\t\t\t<\/div>\n\t\t\t\t\t\t\t\t<\/div>\n\t\t\t\t<\/div>\n\t\t\t\t<div class=\"elementor-element elementor-element-476bfab elementor-align-left elementor-widget elementor-widget-button\" data-id=\"476bfab\" data-element_type=\"widget\" data-e-type=\"widget\" data-widget_type=\"button.default\">\n\t\t\t\t<div class=\"elementor-widget-container\">\n\t\t\t\t\t\t\t\t\t<div class=\"elementor-button-wrapper\">\n\t\t\t\t\t<a class=\"elementor-button elementor-button-link elementor-size-sm elementor-animation-float\" href=\"https:\/\/brok-air.com\/en\/careers\/\">\n\t\t\t\t\t\t<span class=\"elementor-button-content-wrapper\">\n\t\t\t\t\t\t<span class=\"elementor-button-icon\">\n\t\t\t\t<svg aria-hidden=\"true\" class=\"e-font-icon-svg e-fas-angle-left\" viewBox=\"0 0 256 512\" xmlns=\"http:\/\/www.w3.org\/2000\/svg\"><path d=\"M31.7 239l136-136c9.4-9.4 24.6-9.4 33.9 0l22.6 22.6c9.4 9.4 9.4 24.6 0 33.9L127.9 256l96.4 96.4c9.4 9.4 9.4 24.6 0 33.9L201.7 409c-9.4 9.4-24.6 9.4-33.9 0l-136-136c-9.5-9.4-9.5-24.6-.1-34z\"><\/path><\/svg>\t\t\t<\/span>\n\t\t\t\t\t\t\t\t\t<span class=\"elementor-button-text\">BACK TO CAREERS<\/span>\n\t\t\t\t\t<\/span>\n\t\t\t\t\t<\/a>\n\t\t\t\t<\/div>\n\t\t\t\t\t\t\t\t<\/div>\n\t\t\t\t<\/div>\n\t\t\t\t<\/div>\n\t\t\t\t<\/div>\n\t\t\t\t<\/div>\n\t\t","protected":false},"excerpt":{"rendered":"<p>MOC ENGINEER .st0{fill:#323E48;} TENERIFE At Brok-air Aviation Group, we are looking for a MOC engineer to join our team in Tenerife South (TFS). Type of position: PermanentLocation: Tenerife South (TFS) Main functions Planning and management of scheduled\/unscheduled maintenance.Support for more than 20 stations around the world.Technical guidance for aeronautical maintenance technicians.Ongoing support and coordination with [&hellip;]<\/p>\n","protected":false},"author":2,"featured_media":0,"parent":3042,"menu_order":0,"comment_status":"closed","ping_status":"closed","template":"elementor_header_footer","meta":{"inline_featured_image":false,"footnotes":""},"class_list":["post-3521","page","type-page","status-publish","hentry"],"_links":{"self":[{"href":"https:\/\/brok-air.com\/en\/wp-json\/wp\/v2\/pages\/3521","targetHints":{"allow":["GET"]}}],"collection":[{"href":"https:\/\/brok-air.com\/en\/wp-json\/wp\/v2\/pages"}],"about":[{"href":"https:\/\/brok-air.com\/en\/wp-json\/wp\/v2\/types\/page"}],"author":[{"embeddable":true,"href":"https:\/\/brok-air.com\/en\/wp-json\/wp\/v2\/users\/2"}],"replies":[{"embeddable":true,"href":"https:\/\/brok-air.com\/en\/wp-json\/wp\/v2\/comments?post=3521"}],"version-history":[{"count":2,"href":"https:\/\/brok-air.com\/en\/wp-json\/wp\/v2\/pages\/3521\/revisions"}],"predecessor-version":[{"id":3523,"href":"https:\/\/brok-air.com\/en\/wp-json\/wp\/v2\/pages\/3521\/revisions\/3523"}],"up":[{"embeddable":true,"href":"https:\/\/brok-air.com\/en\/wp-json\/wp\/v2\/pages\/3042"}],"wp:attachment":[{"href":"https:\/\/brok-air.com\/en\/wp-json\/wp\/v2\/media?parent=3521"}],"curies":[{"name":"wp","href":"https:\/\/api.w.org\/{rel}","templated":true}]}}